{"id":35378,"date":"2025-04-15T15:22:46","date_gmt":"2025-04-15T13:22:46","guid":{"rendered":"https:\/\/test.latour-deluxe.de\/?page_id=35378"},"modified":"2025-04-17T10:20:37","modified_gmt":"2025-04-17T08:20:37","slug":"luxury-travel","status":"publish","type":"page","link":"https:\/\/test.latour-deluxe.de\/de\/luxury-travel\/","title":{"rendered":"Luxuri\u00f6se Reisen"},"content":{"rendered":"<div data-elementor-type=\"wp-page\" data-elementor-id=\"35378\" class=\"elementor elementor-35378\">\n\t\t\t\t\t\t<section class=\"elementor-section elementor-top-section elementor-element elementor-element-dc67178 elementor-section-boxed elementor-section-height-default elementor-section-height-default sc_fly_static\" data-id=\"dc67178\" data-element_type=\"section\" data-settings=\"{&quot;background_background&quot;:&quot;classic&quot;}\">\n\t\t\t\t\t\t<div class=\"elementor-container elementor-column-gap-extended\">\n\t\t\t\t\t<div class=\"elementor-column elementor-col-100 elementor-top-column elementor-element elementor-element-7fe8e79 sc_content_align_inherit sc_layouts_column_icons_position_left sc_fly_static\" data-id=\"7fe8e79\" data-element_type=\"column\">\n\t\t\t<div class=\"elementor-widget-wrap\">\n\t\t\t\t\t\t\t<\/div>\n\t\t<\/div>\n\t\t\t\t\t<\/div>\n\t\t<\/section>\n\t\t\t\t<section class=\"elementor-section elementor-top-section elementor-element elementor-element-b560ef7 elementor-section-content-middle elementor-section-boxed elementor-section-height-default elementor-section-height-default sc_fly_static\" data-id=\"b560ef7\" data-element_type=\"section\" data-settings=\"{&quot;background_background&quot;:&quot;classic&quot;}\">\n\t\t\t\t\t\t<div class=\"elementor-container elementor-column-gap-extended\">\n\t\t\t\t\t<div class=\"elementor-column elementor-col-50 elementor-top-column elementor-element elementor-element-77aea14 sc_content_align_inherit sc_layouts_column_icons_position_left sc_fly_static\" data-id=\"77aea14\" data-element_type=\"column\">\n\t\t\t<div class=\"elementor-widget-wrap elementor-element-populated\">\n\t\t\t\t\t\t<section class=\"elementor-section elementor-inner-section elementor-element elementor-element-ea4d365 elementor-section-boxed elementor-section-height-default elementor-section-height-default sc_fly_static\" data-id=\"ea4d365\" data-element_type=\"section\">\n\t\t\t\t\t\t<div class=\"elementor-container elementor-column-gap-no\">\n\t\t\t\t\t<div class=\"elementor-column elementor-col-100 elementor-inner-column elementor-element elementor-element-403eb7b sc_content_align_inherit sc_layouts_column_icons_position_left sc_fly_static\" data-id=\"403eb7b\" data-element_type=\"column\">\n\t\t\t<div class=\"elementor-widget-wrap elementor-element-populated\">\n\t\t\t\t\t\t<div class=\"elementor-element elementor-element-02564d9 sc_height_small sc_layouts_hide_on_tablet sc_layouts_hide_on_mobile scheme_default sc_fly_static elementor-widget elementor-widget-spacer\" data-id=\"02564d9\" data-element_type=\"widget\" data-widget_type=\"spacer.default\">\n\t\t\t\t<div class=\"elementor-widget-container\">\n\t\t\t\t\t\t\t<div class=\"elementor-spacer\">\n\t\t\t<div class=\"elementor-spacer-inner\"><\/div>\n\t\t<\/div>\n\t\t\t\t\t\t<\/div>\n\t\t\t\t<\/div>\n\t\t\t\t\t<\/div>\n\t\t<\/div>\n\t\t\t\t\t<\/div>\n\t\t<\/section>\n\t\t\t\t<div class=\"elementor-element elementor-element-65d5059 no-title sc_fly_static elementor-widget elementor-widget-image\" data-id=\"65d5059\" data-element_type=\"widget\" data-widget_type=\"image.default\">\n\t\t\t\t<div class=\"elementor-widget-container\">\n\t\t\t\t\t\t\t\t\t\t\t\t\t\t\t<img fetchpriority=\"high\" decoding=\"async\" width=\"800\" height=\"600\" src=\"https:\/\/test.latour-deluxe.de\/wp-content\/uploads\/2025\/04\/Naamloos-31.png\" class=\"attachment-full size-full wp-image-35577\" alt=\"\" srcset=\"https:\/\/test.latour-deluxe.de\/wp-content\/uploads\/2025\/04\/Naamloos-31.png 800w, https:\/\/test.latour-deluxe.de\/wp-content\/uploads\/2025\/04\/Naamloos-31-300x225.png 300w, https:\/\/test.latour-deluxe.de\/wp-content\/uploads\/2025\/04\/Naamloos-31-768x576.png 768w, https:\/\/test.latour-deluxe.de\/wp-content\/uploads\/2025\/04\/Naamloos-31-16x12.png 16w, https:\/\/test.latour-deluxe.de\/wp-content\/uploads\/2025\/04\/Naamloos-31-370x278.png 370w, https:\/\/test.latour-deluxe.de\/wp-content\/uploads\/2025\/04\/Naamloos-31-410x308.png 410w, https:\/\/test.latour-deluxe.de\/wp-content\/uploads\/2025\/04\/Naamloos-31-600x450.png 600w\" sizes=\"(max-width: 800px) 100vw, 800px\" \/>\t\t\t\t\t\t\t\t\t\t\t\t\t\t\t<\/div>\n\t\t\t\t<\/div>\n\t\t\t\t<div class=\"elementor-element elementor-element-8aa6d31 sc_height_small sc_layouts_hide_on_tablet sc_layouts_hide_on_mobile scheme_default sc_fly_static elementor-widget elementor-widget-spacer\" data-id=\"8aa6d31\" data-element_type=\"widget\" data-widget_type=\"spacer.default\">\n\t\t\t\t<div class=\"elementor-widget-container\">\n\t\t\t\t\t\t\t<div class=\"elementor-spacer\">\n\t\t\t<div class=\"elementor-spacer-inner\"><\/div>\n\t\t<\/div>\n\t\t\t\t\t\t<\/div>\n\t\t\t\t<\/div>\n\t\t\t\t\t<\/div>\n\t\t<\/div>\n\t\t\t\t<div class=\"elementor-column elementor-col-50 elementor-top-column elementor-element elementor-element-e4d975d sc_content_align_inherit sc_layouts_column_icons_position_left sc_fly_static\" data-id=\"e4d975d\" data-element_type=\"column\">\n\t\t\t<div class=\"elementor-widget-wrap elementor-element-populated\">\n\t\t\t\t\t\t<div class=\"elementor-element elementor-element-49816e1 sc_height_small sc_layouts_hide_on_tablet sc_layouts_hide_on_mobile scheme_default sc_fly_static elementor-widget elementor-widget-spacer\" data-id=\"49816e1\" data-element_type=\"widget\" data-widget_type=\"spacer.default\">\n\t\t\t\t<div class=\"elementor-widget-container\">\n\t\t\t\t\t\t\t<div class=\"elementor-spacer\">\n\t\t\t<div class=\"elementor-spacer-inner\"><\/div>\n\t\t<\/div>\n\t\t\t\t\t\t<\/div>\n\t\t\t\t<\/div>\n\t\t\t\t<div class=\"elementor-element elementor-element-6599e77 sc_fly_static elementor-widget elementor-widget-trx_sc_title\" data-id=\"6599e77\" data-element_type=\"widget\" data-widget_type=\"trx_sc_title.default\">\n\t\t\t\t<div class=\"elementor-widget-container\">\n\t\t\t\t\t<div\t\tclass=\"sc_title sc_title_default\" ><span class=\"sc_item_subtitle sc_title_subtitle sc_item_subtitle_above sc_item_title_style_default\">Au\u00dfergew\u00f6hnlich bleiben<\/span><h1 class=\"sc_item_title sc_title_title sc_item_title_style_default sc_item_title_tag\"\n\t\t\t><span class=\"sc_item_title_text\">Luxusreisen weltweit mit Latour Deluxe<\/span><\/h1><div class=\"sc_item_descr sc_title_descr\"><p>Ganz gleich, ob Sie in pulsierende Metropolen jetten oder sich in ruhigen Refugien entspannen m\u00f6chten, Latour Deluxe bringt Sie mit den renommiertesten Hotels und Resorts der Welt zusammen. Von ikonischen Skyline-Aussichten bis hin zu abgeschiedenen R\u00fcckzugsorten am Strand - jeder Aufenthalt ist sorgf\u00e4ltig auf Ihren Lebensstil und Ihre W\u00fcnsche abgestimmt.<\/p>\n<p>Genie\u00dfen Sie Premium-Vorteile, ma\u00dfgeschneiderten Service und exklusiven Zugang - nur bei Latour Deluxe.<\/p>\n<\/div><\/div>\t\t\t\t<\/div>\n\t\t\t\t<\/div>\n\t\t\t\t<div class=\"elementor-element elementor-element-83edc7d sc_height_small sc_fly_static elementor-widget elementor-widget-spacer\" data-id=\"83edc7d\" data-element_type=\"widget\" data-widget_type=\"spacer.default\">\n\t\t\t\t<div class=\"elementor-widget-container\">\n\t\t\t\t\t\t\t<div class=\"elementor-spacer\">\n\t\t\t<div class=\"elementor-spacer-inner\"><\/div>\n\t\t<\/div>\n\t\t\t\t\t\t<\/div>\n\t\t\t\t<\/div>\n\t\t\t\t\t<\/div>\n\t\t<\/div>\n\t\t\t\t\t<\/div>\n\t\t<\/section>\n\t\t\t\t<section class=\"elementor-section elementor-top-section elementor-element elementor-element-37877ed scheme_default elementor-section-boxed elementor-section-height-default elementor-section-height-default sc_fly_static\" data-id=\"37877ed\" data-element_type=\"section\">\n\t\t\t\t\t\t<div class=\"elementor-container elementor-column-gap-extended\">\n\t\t\t\t\t<div class=\"elementor-column elementor-col-100 elementor-top-column elementor-element elementor-element-4d53770 sc_content_align_inherit sc_layouts_column_icons_position_left sc_fly_static\" data-id=\"4d53770\" data-element_type=\"column\">\n\t\t\t<div class=\"elementor-widget-wrap elementor-element-populated\">\n\t\t\t\t\t\t<div class=\"elementor-element elementor-element-ebc91ec sc_height_small sc_layouts_hide_on_tablet sc_layouts_hide_on_mobile scheme_default sc_fly_static elementor-widget elementor-widget-spacer\" data-id=\"ebc91ec\" data-element_type=\"widget\" data-widget_type=\"spacer.default\">\n\t\t\t\t<div class=\"elementor-widget-container\">\n\t\t\t\t\t\t\t<div class=\"elementor-spacer\">\n\t\t\t<div class=\"elementor-spacer-inner\"><\/div>\n\t\t<\/div>\n\t\t\t\t\t\t<\/div>\n\t\t\t\t<\/div>\n\t\t\t\t<div class=\"elementor-element elementor-element-6b9c98f scheme_default sc_fly_static elementor-widget elementor-widget-trx_sc_services\" data-id=\"6b9c98f\" data-element_type=\"widget\" data-widget_type=\"trx_sc_services.default\">\n\t\t\t\t<div class=\"elementor-widget-container\">\n\t\t\t\t\t<div class=\"sc_services scheme_default sc_services_cool sc_services_featured_top\"><div class=\"sc_services_columns_wrap sc_item_columns sc_item_posts_container sc_item_columns_3 trx_addons_columns_wrap columns_padding_bottom columns_in_single_row\"><div class=\"trx_addons_column-1_3\"><div data-post-id=\"35581\" class=\"sc_services_item sc_item_container post_container no_links with_content with_more with_image sc_services_item_featured_none post-35581 cpt_services type-cpt_services status-publish has-post-thumbnail hentry\">\r\n\t\t<div class=\"sc_services_item_content\" style=\"background-image: url(https:\/\/test.latour-deluxe.de\/wp-content\/uploads\/2025\/04\/Naamloos-32.png);\">\r\n\t\t\t\t<div class=\"sc_services_item_content_inner\"><div class=\"sc_services_item_content_inner_bottom\">\r\n                <h6 class=\"sc_services_item_title\">Cruises<\/h6>\r\n                <div class=\"sc_services_item_text\"><\/div><\/div><\/div><\/div><\/div><\/div><div class=\"trx_addons_column-1_3\"><div data-post-id=\"35583\" class=\"sc_services_item sc_item_container post_container no_links with_content with_more with_image sc_services_item_featured_none post-35583 cpt_services type-cpt_services status-publish has-post-thumbnail hentry\">\r\n\t\t<div class=\"sc_services_item_content\" style=\"background-image: url(https:\/\/test.latour-deluxe.de\/wp-content\/uploads\/2025\/04\/Naamloos-33.png);\">\r\n\t\t\t\t<div class=\"sc_services_item_content_inner\"><div class=\"sc_services_item_content_inner_bottom\">\r\n                <h6 class=\"sc_services_item_title\">Package Holidays<\/h6>\r\n                <div class=\"sc_services_item_text\"><\/div><\/div><\/div><\/div><\/div><\/div><div class=\"trx_addons_column-1_3\"><div data-post-id=\"35585\" class=\"sc_services_item sc_item_container post_container no_links with_content with_more with_image sc_services_item_featured_none post-35585 cpt_services type-cpt_services status-publish has-post-thumbnail hentry\">\r\n\t\t<div class=\"sc_services_item_content\" style=\"background-image: url(https:\/\/test.latour-deluxe.de\/wp-content\/uploads\/2025\/04\/Naamloos-34.png);\">\r\n\t\t\t\t<div class=\"sc_services_item_content_inner\"><div class=\"sc_services_item_content_inner_bottom\">\r\n                <h6 class=\"sc_services_item_title\">Road Trips<\/h6>\r\n                <div class=\"sc_services_item_text\"><\/div><\/div><\/div><\/div><\/div><\/div><\/div><\/div>\t\t\t\t<\/div>\n\t\t\t\t<\/div>\n\t\t\t\t<div class=\"elementor-element elementor-element-8fad4d5 sc_height_large sc_layouts_hide_on_mobile sc_fly_static elementor-widget elementor-widget-spacer\" data-id=\"8fad4d5\" data-element_type=\"widget\" data-widget_type=\"spacer.default\">\n\t\t\t\t<div class=\"elementor-widget-container\">\n\t\t\t\t\t\t\t<div class=\"elementor-spacer\">\n\t\t\t<div class=\"elementor-spacer-inner\"><\/div>\n\t\t<\/div>\n\t\t\t\t\t\t<\/div>\n\t\t\t\t<\/div>\n\t\t\t\t<div class=\"elementor-element elementor-element-e08bc49 sc_fly_static elementor-widget elementor-widget-heading\" data-id=\"e08bc49\" data-element_type=\"widget\" data-widget_type=\"heading.default\">\n\t\t\t\t<div class=\"elementor-widget-container\">\n\t\t\t\t\t<h2 class=\"elementor-heading-title elementor-size-default\">Kontakt<\/h2>\t\t\t\t<\/div>\n\t\t\t\t<\/div>\n\t\t\t\t<div class=\"elementor-element elementor-element-d6fa15e sc_height_small sc_layouts_hide_on_mobile sc_fly_static elementor-widget elementor-widget-spacer\" data-id=\"d6fa15e\" data-element_type=\"widget\" data-widget_type=\"spacer.default\">\n\t\t\t\t<div class=\"elementor-widget-container\">\n\t\t\t\t\t\t\t<div class=\"elementor-spacer\">\n\t\t\t<div class=\"elementor-spacer-inner\"><\/div>\n\t\t<\/div>\n\t\t\t\t\t\t<\/div>\n\t\t\t\t<\/div>\n\t\t\t\t\t<\/div>\n\t\t<\/div>\n\t\t\t\t\t<\/div>\n\t\t<\/section>\n\t\t\t\t<section class=\"elementor-section elementor-top-section elementor-element elementor-element-2228efe elementor-section-boxed elementor-section-height-default elementor-section-height-default sc_fly_static\" data-id=\"2228efe\" data-element_type=\"section\">\n\t\t\t\t\t\t<div class=\"elementor-container elementor-column-gap-extended\">\n\t\t\t\t\t<div class=\"elementor-column elementor-col-66 elementor-top-column elementor-element elementor-element-0d46dbe sc_content_align_inherit sc_layouts_column_icons_position_left sc_fly_static\" data-id=\"0d46dbe\" data-element_type=\"column\">\n\t\t\t<div class=\"elementor-widget-wrap elementor-element-populated\">\n\t\t\t\t\t\t<div class=\"elementor-element elementor-element-907c5b7 sc_fly_static elementor-widget elementor-widget-wpforms\" data-id=\"907c5b7\" data-element_type=\"widget\" data-widget_type=\"wpforms.default\">\n\t\t\t\t<div class=\"elementor-widget-container\">\n\t\t\t\t\t<style id=\"wpforms-css-vars-elementor-widget-907c5b7\">\n\t\t\t\t.elementor-widget-wpforms.elementor-element-907c5b7 {\n\t\t\t\t--wpforms-field-border-color: #D7AD51;\n--wpforms-field-border-color-spare: #D7AD51;\n--wpforms-field-text-color: #031C23;\n--wpforms-button-background-color: #D7AD51;\n--wpforms-field-size-input-height: 31px;\n--wpforms-field-size-input-spacing: 10px;\n--wpforms-field-size-font-size: 14px;\n--wpforms-field-size-line-height: 17px;\n--wpforms-field-size-padding-h: 9px;\n--wpforms-field-size-checkbox-size: 14px;\n--wpforms-field-size-sublabel-spacing: 5px;\n--wpforms-field-size-icon-size: 0.75;\n--wpforms-label-size-font-size: 16px;\n--wpforms-label-size-line-height: 19px;\n--wpforms-label-size-sublabel-font-size: 14px;\n--wpforms-label-size-sublabel-line-height: 17px;\n--wpforms-button-size-font-size: 17px;\n--wpforms-button-size-height: 41px;\n--wpforms-button-size-padding-h: 15px;\n--wpforms-button-size-margin-top: 10px;\n\n\t\t\t}\n\t\t\t<\/style><div class=\"wpforms-container wpforms-container-full wpforms-render-modern\" id=\"wpforms-35558\"><form id=\"wpforms-form-35558\" class=\"wpforms-validate wpforms-form wpforms-ajax-form\" data-formid=\"35558\" method=\"post\" enctype=\"multipart\/form-data\" action=\"\/de\/wp-json\/wp\/v2\/pages\/35378\" data-token=\"210022186c052a08c798563785ff44e5\" data-token-time=\"1776515480\" data-trp-original-action=\"\/de\/wp-json\/wp\/v2\/pages\/35378\"><noscript class=\"wpforms-error-noscript\">Bitte aktivieren Sie JavaScript in Ihrem Browser, um dieses Formular fertigzustellen.<\/noscript><div class=\"wpforms-hidden\" id=\"wpforms-error-noscript\">Bitte aktivieren Sie JavaScript in Ihrem Browser, um dieses Formular fertigzustellen.<\/div><div class=\"wpforms-field-container\"><div id=\"wpforms-35558-field_1-container\" class=\"wpforms-field wpforms-field-name wpforms-one-half wpforms-first\" data-field-id=\"1\"><label class=\"wpforms-field-label\" for=\"wpforms-35558-field_1\">Name <span class=\"wpforms-required-label\" aria-hidden=\"true\">*<\/span><\/label><input type=\"text\" id=\"wpforms-35558-field_1\" class=\"wpforms-field-large wpforms-field-required\" name=\"wpforms[fields][1]\" aria-errormessage=\"wpforms-35558-field_1-error\" required><\/div><div id=\"wpforms-35558-field_2-container\" class=\"wpforms-field wpforms-field-email wpforms-one-half\" data-field-id=\"2\"><label class=\"wpforms-field-label\" for=\"wpforms-35558-field_2\">Email address <span class=\"wpforms-required-label\" aria-hidden=\"true\">*<\/span><\/label><input type=\"email\" id=\"wpforms-35558-field_2\" class=\"wpforms-field-large wpforms-field-required\" name=\"wpforms[fields][2]\" spellcheck=\"false\" aria-errormessage=\"wpforms-35558-field_2-error\" required><\/div><div id=\"wpforms-35558-field_4-container\" class=\"wpforms-field wpforms-field-text wpforms-one-half wpforms-first\" data-field-id=\"4\"><label class=\"wpforms-field-label\" for=\"wpforms-35558-field_4\">Phone number<\/label><input type=\"text\" id=\"wpforms-35558-field_4\" class=\"wpforms-field-large\" name=\"wpforms[fields][4]\" aria-errormessage=\"wpforms-35558-field_4-error\" ><\/div><div id=\"wpforms-35558-field_5-container\" class=\"wpforms-field wpforms-field-text wpforms-one-half\" data-field-id=\"5\"><label class=\"wpforms-field-label\" for=\"wpforms-35558-field_5\">Thema<\/label><input type=\"text\" id=\"wpforms-35558-field_5\" class=\"wpforms-field-large\" name=\"wpforms[fields][5]\" aria-errormessage=\"wpforms-35558-field_5-error\" ><\/div><div id=\"wpforms-35558-field_3-container\" class=\"wpforms-field wpforms-field-textarea\" data-field-id=\"3\"><label class=\"wpforms-field-label\" for=\"wpforms-35558-field_3\">Your message <span class=\"wpforms-required-label\" aria-hidden=\"true\">*<\/span><\/label><textarea id=\"wpforms-35558-field_3\" class=\"wpforms-field-medium wpforms-field-required\" name=\"wpforms[fields][3]\" aria-errormessage=\"wpforms-35558-field_3-error\" required><\/textarea><\/div><\/div><!-- .wpforms-field-container --><div class=\"wpforms-submit-container\" ><input type=\"hidden\" name=\"wpforms[id]\" value=\"35558\"><input type=\"hidden\" name=\"page_title\" value=\"\"><input type=\"hidden\" name=\"page_url\" value=\"https:\/\/test.latour-deluxe.de\/de\/wp-json\/wp\/v2\/pages\/35378\"><input type=\"hidden\" name=\"url_referer\" value=\"\"><button type=\"submit\" name=\"wpforms[submit]\" id=\"wpforms-submit-35558\" class=\"wpforms-submit\" data-alt-text=\"Processing...\" data-submit-text=\"Send message\" aria-live=\"assertive\" value=\"wpforms-submit\">Send message<\/button><img decoding=\"async\" src=\"https:\/\/test.latour-deluxe.de\/wp-content\/plugins\/wpforms-lite\/assets\/images\/submit-spin.svg\" class=\"wpforms-submit-spinner\" style=\"display: none;\" width=\"26\" height=\"26\" alt=\"Wird geladen\"><\/div><input type=\"hidden\" name=\"trp-form-language\" value=\"de\"\/><\/form><\/div>  <!-- .wpforms-container -->\t\t\t\t<\/div>\n\t\t\t\t<\/div>\n\t\t\t\t<div class=\"elementor-element elementor-element-25aedf8 sc_height_large sc_layouts_hide_on_mobile sc_fly_static elementor-widget elementor-widget-spacer\" data-id=\"25aedf8\" data-element_type=\"widget\" data-widget_type=\"spacer.default\">\n\t\t\t\t<div class=\"elementor-widget-container\">\n\t\t\t\t\t\t\t<div class=\"elementor-spacer\">\n\t\t\t<div class=\"elementor-spacer-inner\"><\/div>\n\t\t<\/div>\n\t\t\t\t\t\t<\/div>\n\t\t\t\t<\/div>\n\t\t\t\t\t<\/div>\n\t\t<\/div>\n\t\t\t\t<div class=\"elementor-column elementor-col-33 elementor-top-column elementor-element elementor-element-4e0d28a sc_content_align_inherit sc_layouts_column_icons_position_left sc_fly_static\" data-id=\"4e0d28a\" data-element_type=\"column\">\n\t\t\t<div class=\"elementor-widget-wrap elementor-element-populated\">\n\t\t\t\t\t\t<div class=\"elementor-element elementor-element-db6b93c sc_fly_static elementor-widget elementor-widget-text-editor\" data-id=\"db6b93c\" data-element_type=\"widget\" data-widget_type=\"text-editor.default\">\n\t\t\t\t<div class=\"elementor-widget-container\">\n\t\t\t\t\t\t\t\t\t<p class=\"\" data-start=\"129\" data-end=\"385\">Sind Sie bereit, Ihren Traumurlaub zu buchen oder sich einen Luxusaufenthalt in Dubai zu g\u00f6nnen? Teilen Sie uns Ihre W\u00fcnsche mit, und unser Team k\u00fcmmert sich um jedes Detail - vom perfekten Hotel bis hin zu ma\u00dfgeschneiderten Extras, die Ihren Aufenthalt aufwerten.<\/p><p class=\"\" data-start=\"387\" data-end=\"512\">F\u00fcllen Sie das Formular aus und einer unserer Experten f\u00fcr Luxusreisen wird sich in K\u00fcrze mit Ihnen in Verbindung setzen, um ein individuelles Angebot f\u00fcr Sie zu erstellen.<\/p><h5 data-start=\"544\" data-end=\"630\">Kuratiert. Bequem. Unvergesslich.<\/h5>\t\t\t\t\t\t\t\t<\/div>\n\t\t\t\t<\/div>\n\t\t\t\t\t<\/div>\n\t\t<\/div>\n\t\t\t\t\t<\/div>\n\t\t<\/section>\n\t\t\t\t<\/div>","protected":false},"excerpt":{"rendered":"<p>Stay Extraordinary Luxury Travel worldwide with Latour Deluxe Whether you&#8217;re jetting off to vibrant metropolises or unwinding in serene hideaways, Latour Deluxe connects you to the world\u2019s most prestigious hotels&hellip;<\/p>","protected":false},"author":1,"featured_media":0,"parent":0,"menu_order":0,"comment_status":"closed","ping_status":"closed","template":"","meta":{"_acf_changed":false,"footnotes":""},"class_list":["post-35378","page","type-page","status-publish","hentry"],"acf":[],"_links":{"self":[{"href":"https:\/\/test.latour-deluxe.de\/de\/wp-json\/wp\/v2\/pages\/35378","targetHints":{"allow":["GET"]}}],"collection":[{"href":"https:\/\/test.latour-deluxe.de\/de\/wp-json\/wp\/v2\/pages"}],"about":[{"href":"https:\/\/test.latour-deluxe.de\/de\/wp-json\/wp\/v2\/types\/page"}],"author":[{"embeddable":true,"href":"https:\/\/test.latour-deluxe.de\/de\/wp-json\/wp\/v2\/users\/1"}],"replies":[{"embeddable":true,"href":"https:\/\/test.latour-deluxe.de\/de\/wp-json\/wp\/v2\/comments?post=35378"}],"version-history":[{"count":10,"href":"https:\/\/test.latour-deluxe.de\/de\/wp-json\/wp\/v2\/pages\/35378\/revisions"}],"predecessor-version":[{"id":35595,"href":"https:\/\/test.latour-deluxe.de\/de\/wp-json\/wp\/v2\/pages\/35378\/revisions\/35595"}],"wp:attachment":[{"href":"https:\/\/test.latour-deluxe.de\/de\/wp-json\/wp\/v2\/media?parent=35378"}],"curies":[{"name":"wp","href":"https:\/\/api.w.org\/{rel}","templated":true}]}}