{"id":35243,"date":"2025-04-13T17:31:38","date_gmt":"2025-04-13T15:31:38","guid":{"rendered":"http:\/\/test.latour-deluxe.de\/?page_id=35243"},"modified":"2025-04-17T10:56:54","modified_gmt":"2025-04-17T08:56:54","slug":"concierge-services","status":"publish","type":"page","link":"https:\/\/test.latour-deluxe.de\/de\/concierge-services\/","title":{"rendered":"Concierge-Dienste"},"content":{"rendered":"<div data-elementor-type=\"wp-page\" data-elementor-id=\"35243\" class=\"elementor elementor-35243\">\n\t\t\t\t\t\t<section class=\"elementor-section elementor-top-section elementor-element elementor-element-dc67178 elementor-section-boxed elementor-section-height-default elementor-section-height-default sc_fly_static\" data-id=\"dc67178\" data-element_type=\"section\" data-settings=\"{&quot;background_background&quot;:&quot;classic&quot;}\">\n\t\t\t\t\t\t<div class=\"elementor-container elementor-column-gap-extended\">\n\t\t\t\t\t<div class=\"elementor-column elementor-col-100 elementor-top-column elementor-element elementor-element-7fe8e79 sc_content_align_inherit sc_layouts_column_icons_position_left sc_fly_static\" data-id=\"7fe8e79\" data-element_type=\"column\">\n\t\t\t<div class=\"elementor-widget-wrap elementor-element-populated\">\n\t\t\t\t\t\t<div class=\"elementor-element elementor-element-229353a sc_height_small sc_layouts_hide_on_tablet sc_layouts_hide_on_mobile scheme_default sc_fly_static elementor-widget elementor-widget-spacer\" data-id=\"229353a\" data-element_type=\"widget\" data-widget_type=\"spacer.default\">\n\t\t\t\t<div class=\"elementor-widget-container\">\n\t\t\t\t\t\t\t<div class=\"elementor-spacer\">\n\t\t\t<div class=\"elementor-spacer-inner\"><\/div>\n\t\t<\/div>\n\t\t\t\t\t\t<\/div>\n\t\t\t\t<\/div>\n\t\t\t\t\t<\/div>\n\t\t<\/div>\n\t\t\t\t\t<\/div>\n\t\t<\/section>\n\t\t\t\t<section class=\"elementor-section elementor-top-section elementor-element elementor-element-b560ef7 elementor-section-content-middle elementor-section-boxed elementor-section-height-default elementor-section-height-default sc_fly_static\" data-id=\"b560ef7\" data-element_type=\"section\" data-settings=\"{&quot;background_background&quot;:&quot;classic&quot;}\">\n\t\t\t\t\t\t<div class=\"elementor-container elementor-column-gap-extended\">\n\t\t\t\t\t<div class=\"elementor-column elementor-col-50 elementor-top-column elementor-element elementor-element-77aea14 sc_content_align_inherit sc_layouts_column_icons_position_left sc_fly_static\" data-id=\"77aea14\" data-element_type=\"column\">\n\t\t\t<div class=\"elementor-widget-wrap elementor-element-populated\">\n\t\t\t\t\t\t<div class=\"elementor-element elementor-element-d11506a sc_fly_static elementor-widget elementor-widget-image\" data-id=\"d11506a\" data-element_type=\"widget\" data-widget_type=\"image.default\">\n\t\t\t\t<div class=\"elementor-widget-container\">\n\t\t\t\t\t\t\t\t\t\t\t\t\t\t\t<img fetchpriority=\"high\" decoding=\"async\" width=\"800\" height=\"600\" src=\"https:\/\/test.latour-deluxe.de\/wp-content\/uploads\/2025\/04\/Naamloos-35.png\" class=\"attachment-full size-full wp-image-35596\" alt=\"\" srcset=\"https:\/\/test.latour-deluxe.de\/wp-content\/uploads\/2025\/04\/Naamloos-35.png 800w, https:\/\/test.latour-deluxe.de\/wp-content\/uploads\/2025\/04\/Naamloos-35-300x225.png 300w, https:\/\/test.latour-deluxe.de\/wp-content\/uploads\/2025\/04\/Naamloos-35-768x576.png 768w, https:\/\/test.latour-deluxe.de\/wp-content\/uploads\/2025\/04\/Naamloos-35-16x12.png 16w, https:\/\/test.latour-deluxe.de\/wp-content\/uploads\/2025\/04\/Naamloos-35-370x278.png 370w, https:\/\/test.latour-deluxe.de\/wp-content\/uploads\/2025\/04\/Naamloos-35-410x308.png 410w, https:\/\/test.latour-deluxe.de\/wp-content\/uploads\/2025\/04\/Naamloos-35-600x450.png 600w\" sizes=\"(max-width: 800px) 100vw, 800px\" \/>\t\t\t\t\t\t\t\t\t\t\t\t\t\t\t<\/div>\n\t\t\t\t<\/div>\n\t\t\t\t\t<\/div>\n\t\t<\/div>\n\t\t\t\t<div class=\"elementor-column elementor-col-50 elementor-top-column elementor-element elementor-element-e4d975d sc_content_align_inherit sc_layouts_column_icons_position_left sc_fly_static\" data-id=\"e4d975d\" data-element_type=\"column\">\n\t\t\t<div class=\"elementor-widget-wrap elementor-element-populated\">\n\t\t\t\t\t\t<div class=\"elementor-element elementor-element-f299fae sc_fly_static elementor-widget elementor-widget-spacer\" data-id=\"f299fae\" data-element_type=\"widget\" data-widget_type=\"spacer.default\">\n\t\t\t\t<div class=\"elementor-widget-container\">\n\t\t\t\t\t\t\t<div class=\"elementor-spacer\">\n\t\t\t<div class=\"elementor-spacer-inner\"><\/div>\n\t\t<\/div>\n\t\t\t\t\t\t<\/div>\n\t\t\t\t<\/div>\n\t\t\t\t<div class=\"elementor-element elementor-element-6599e77 sc_fly_static elementor-widget elementor-widget-trx_sc_title\" data-id=\"6599e77\" data-element_type=\"widget\" data-widget_type=\"trx_sc_title.default\">\n\t\t\t\t<div class=\"elementor-widget-container\">\n\t\t\t\t\t<div\t\tclass=\"sc_title sc_title_default\" ><span class=\"sc_item_subtitle sc_title_subtitle sc_item_subtitle_above sc_item_title_style_default\">Ihre W\u00fcnsche, geliefert<\/span><h1 class=\"sc_item_title sc_title_title sc_item_title_style_default sc_item_title_tag\"\n\t\t\t><span class=\"sc_item_title_text\">Concierge-Dienste von Latour Deluxe<\/span><\/h1><div class=\"sc_item_descr sc_title_descr\"><p>Erschlie\u00dfen Sie sich mit unseren ma\u00dfgeschneiderten Concierge-Diensten eine Welt voller Exklusivit\u00e4t. Vom Zugang zu VIP-Veranstaltungen und privaten Essenserlebnissen bis hin zu pers\u00f6nlicher Betreuung, ausgew\u00e4hlten Ausfl\u00fcgen, Premium-Shopping und Luxustransfers - wir k\u00fcmmern uns um jedes Detail.<\/p>\n<p>Unser engagiertes Team sorgt daf\u00fcr, dass Sie Ihre Zeit damit verbringen, das Au\u00dfergew\u00f6hnliche zu genie\u00dfen, w\u00e4hrend wir den Rest mit Diskretion und Exzellenz erledigen.<\/p>\n<\/div><\/div>\t\t\t\t<\/div>\n\t\t\t\t<\/div>\n\t\t\t\t<div class=\"elementor-element elementor-element-648c29b sc_fly_static elementor-widget elementor-widget-spacer\" data-id=\"648c29b\" data-element_type=\"widget\" data-widget_type=\"spacer.default\">\n\t\t\t\t<div class=\"elementor-widget-container\">\n\t\t\t\t\t\t\t<div class=\"elementor-spacer\">\n\t\t\t<div class=\"elementor-spacer-inner\"><\/div>\n\t\t<\/div>\n\t\t\t\t\t\t<\/div>\n\t\t\t\t<\/div>\n\t\t\t\t\t<\/div>\n\t\t<\/div>\n\t\t\t\t\t<\/div>\n\t\t<\/section>\n\t\t\t\t<section class=\"elementor-section elementor-top-section elementor-element elementor-element-4f9eb4b elementor-section-boxed elementor-section-height-default elementor-section-height-default sc_fly_static\" data-id=\"4f9eb4b\" data-element_type=\"section\">\n\t\t\t\t\t\t<div class=\"elementor-container elementor-column-gap-extended\">\n\t\t\t\t\t<div class=\"elementor-column elementor-col-100 elementor-top-column elementor-element elementor-element-916e825 sc_content_align_inherit sc_layouts_column_icons_position_left sc_fly_static\" data-id=\"916e825\" data-element_type=\"column\">\n\t\t\t<div class=\"elementor-widget-wrap elementor-element-populated\">\n\t\t\t\t\t\t<div class=\"elementor-element elementor-element-6fcf6d7 sc_height_large sc_fly_static elementor-widget elementor-widget-spacer\" data-id=\"6fcf6d7\" data-element_type=\"widget\" data-widget_type=\"spacer.default\">\n\t\t\t\t<div class=\"elementor-widget-container\">\n\t\t\t\t\t\t\t<div class=\"elementor-spacer\">\n\t\t\t<div class=\"elementor-spacer-inner\"><\/div>\n\t\t<\/div>\n\t\t\t\t\t\t<\/div>\n\t\t\t\t<\/div>\n\t\t\t\t<div class=\"elementor-element elementor-element-28e7ed2 sc_fly_static elementor-widget elementor-widget-trx_sc_services\" data-id=\"28e7ed2\" data-element_type=\"widget\" data-widget_type=\"trx_sc_services.default\">\n\t\t\t\t<div class=\"elementor-widget-container\">\n\t\t\t\t\t<div class=\"sc_services sc_services_cool sc_services_featured_top\"><div class=\"sc_services_columns_wrap sc_item_columns sc_item_posts_container sc_item_columns_3 trx_addons_columns_wrap columns_padding_bottom columns_in_single_row\"><div class=\"trx_addons_column-1_3\"><div data-post-id=\"35604\" class=\"sc_services_item sc_item_container post_container no_links with_content with_more with_image sc_services_item_featured_none post-35604 cpt_services type-cpt_services status-publish has-post-thumbnail hentry\">\r\n\t\t<div class=\"sc_services_item_content\" style=\"background-image: url(https:\/\/test.latour-deluxe.de\/wp-content\/uploads\/2025\/04\/Naamloos-36.png);\">\r\n\t\t\t\t<div class=\"sc_services_item_content_inner\"><div class=\"sc_services_item_content_inner_bottom\">\r\n                <h6 class=\"sc_services_item_title\">Exclusive admissions<\/h6>\r\n                <div class=\"sc_services_item_text\"><p>You want to be part of a truly special event? We&#8217;ll take care of every detail, ensuring everything is perfect for you.<\/p>\n<\/div><\/div><\/div><\/div><\/div><\/div><div class=\"trx_addons_column-1_3\"><div data-post-id=\"35606\" class=\"sc_services_item sc_item_container post_container no_links with_content with_more with_image sc_services_item_featured_none post-35606 cpt_services type-cpt_services status-publish has-post-thumbnail hentry\">\r\n\t\t<div class=\"sc_services_item_content\" style=\"background-image: url(https:\/\/test.latour-deluxe.de\/wp-content\/uploads\/2025\/04\/Naamloos-37.png);\">\r\n\t\t\t\t<div class=\"sc_services_item_content_inner\"><div class=\"sc_services_item_content_inner_bottom\">\r\n                <h6 class=\"sc_services_item_title\">Special dinner<\/h6>\r\n                <div class=\"sc_services_item_text\"><p>Wherever you wish to dine \u2013 be it under the stars in the desert or at a world-class gourmet restaurant \u2013 we will take care of every detail.<\/p>\n<\/div><\/div><\/div><\/div><\/div><\/div><div class=\"trx_addons_column-1_3\"><div data-post-id=\"35612\" class=\"sc_services_item sc_item_container post_container no_links with_content with_more with_image sc_services_item_featured_none post-35612 cpt_services type-cpt_services status-publish has-post-thumbnail hentry\">\r\n\t\t<div class=\"sc_services_item_content\" style=\"background-image: url(https:\/\/test.latour-deluxe.de\/wp-content\/uploads\/2025\/04\/Naamloos-39.png);\">\r\n\t\t\t\t<div class=\"sc_services_item_content_inner\"><div class=\"sc_services_item_content_inner_bottom\">\r\n                <h6 class=\"sc_services_item_title\">Personal assistance<\/h6>\r\n                <div class=\"sc_services_item_text\"><p>You need someone available around the clock to fulfill your every wish? That\u2019s no problem for us.<\/p>\n<\/div><\/div><\/div><\/div><\/div><\/div><\/div><\/div>\t\t\t\t<\/div>\n\t\t\t\t<\/div>\n\t\t\t\t<div class=\"elementor-element elementor-element-1489933 sc_fly_static elementor-widget elementor-widget-trx_sc_services\" data-id=\"1489933\" data-element_type=\"widget\" data-widget_type=\"trx_sc_services.default\">\n\t\t\t\t<div class=\"elementor-widget-container\">\n\t\t\t\t\t<div class=\"sc_services sc_services_cool sc_services_featured_top\"><div class=\"sc_services_columns_wrap sc_item_columns sc_item_posts_container sc_item_columns_3 trx_addons_columns_wrap columns_padding_bottom columns_in_single_row\"><div class=\"trx_addons_column-1_3\"><div data-post-id=\"35613\" class=\"sc_services_item sc_item_container post_container no_links with_content with_more with_image sc_services_item_featured_none post-35613 cpt_services type-cpt_services status-publish has-post-thumbnail hentry\">\r\n\t\t<div class=\"sc_services_item_content\" style=\"background-image: url(https:\/\/test.latour-deluxe.de\/wp-content\/uploads\/2025\/04\/Naamloos-42.png);\">\r\n\t\t\t\t<div class=\"sc_services_item_content_inner\"><div class=\"sc_services_item_content_inner_bottom\">\r\n                <h6 class=\"sc_services_item_title\">Private tours<\/h6>\r\n                <div class=\"sc_services_item_text\"><p>You want to discover Dubai in your own unique way and experience its one-of-a-kind charm? Then you\u2019ve come to the right place.<\/p>\n<\/div><\/div><\/div><\/div><\/div><\/div><div class=\"trx_addons_column-1_3\"><div data-post-id=\"35615\" class=\"sc_services_item sc_item_container post_container no_links with_content with_more with_image sc_services_item_featured_none post-35615 cpt_services type-cpt_services status-publish has-post-thumbnail hentry\">\r\n\t\t<div class=\"sc_services_item_content\" style=\"background-image: url(https:\/\/test.latour-deluxe.de\/wp-content\/uploads\/2025\/04\/Naamloos-38.png);\">\r\n\t\t\t\t<div class=\"sc_services_item_content_inner\"><div class=\"sc_services_item_content_inner_bottom\">\r\n                <h6 class=\"sc_services_item_title\">Premium shopping<\/h6>\r\n                <div class=\"sc_services_item_text\"><p>Only the finest jewelry? Only the highest-quality clothing? No problem \u2013 we\u2019ll show you exactly where to find it.<\/p>\n<\/div><\/div><\/div><\/div><\/div><\/div><div class=\"trx_addons_column-1_3\"><div data-post-id=\"35616\" class=\"sc_services_item sc_item_container post_container no_links with_content with_more with_image sc_services_item_featured_none post-35616 cpt_services type-cpt_services status-publish has-post-thumbnail hentry\">\r\n\t\t<div class=\"sc_services_item_content\" style=\"background-image: url(https:\/\/test.latour-deluxe.de\/wp-content\/uploads\/2025\/04\/Naamloos-40.png);\">\r\n\t\t\t\t<div class=\"sc_services_item_content_inner\"><div class=\"sc_services_item_content_inner_bottom\">\r\n                <h6 class=\"sc_services_item_title\">Luxurious transport<\/h6>\r\n                <div class=\"sc_services_item_text\"><p>Prefer to drive through Dubai in style or be chauffeured? Dream of flying to your next destination by private jet? We make it all happen.<\/p>\n<\/div><\/div><\/div><\/div><\/div><\/div><\/div><\/div>\t\t\t\t<\/div>\n\t\t\t\t<\/div>\n\t\t\t\t<div class=\"elementor-element elementor-element-367101d sc_height_large scheme_default sc_fly_static elementor-widget elementor-widget-spacer\" data-id=\"367101d\" data-element_type=\"widget\" data-widget_type=\"spacer.default\">\n\t\t\t\t<div class=\"elementor-widget-container\">\n\t\t\t\t\t\t\t<div class=\"elementor-spacer\">\n\t\t\t<div class=\"elementor-spacer-inner\"><\/div>\n\t\t<\/div>\n\t\t\t\t\t\t<\/div>\n\t\t\t\t<\/div>\n\t\t\t\t<div class=\"elementor-element elementor-element-b366374 sc_fly_static elementor-widget elementor-widget-heading\" data-id=\"b366374\" data-element_type=\"widget\" data-widget_type=\"heading.default\">\n\t\t\t\t<div class=\"elementor-widget-container\">\n\t\t\t\t\t<h2 class=\"elementor-heading-title elementor-size-default\">Kontakt<\/h2>\t\t\t\t<\/div>\n\t\t\t\t<\/div>\n\t\t\t\t<div class=\"elementor-element elementor-element-ce5eb4c sc_height_small scheme_default sc_fly_static elementor-widget elementor-widget-spacer\" data-id=\"ce5eb4c\" data-element_type=\"widget\" data-widget_type=\"spacer.default\">\n\t\t\t\t<div class=\"elementor-widget-container\">\n\t\t\t\t\t\t\t<div class=\"elementor-spacer\">\n\t\t\t<div class=\"elementor-spacer-inner\"><\/div>\n\t\t<\/div>\n\t\t\t\t\t\t<\/div>\n\t\t\t\t<\/div>\n\t\t\t\t\t<\/div>\n\t\t<\/div>\n\t\t\t\t\t<\/div>\n\t\t<\/section>\n\t\t\t\t<section class=\"elementor-section elementor-top-section elementor-element elementor-element-2228efe elementor-section-boxed elementor-section-height-default elementor-section-height-default sc_fly_static\" data-id=\"2228efe\" data-element_type=\"section\">\n\t\t\t\t\t\t<div class=\"elementor-container elementor-column-gap-extended\">\n\t\t\t\t\t<div class=\"elementor-column elementor-col-66 elementor-top-column elementor-element elementor-element-0d46dbe sc_content_align_inherit sc_layouts_column_icons_position_left sc_fly_static\" data-id=\"0d46dbe\" data-element_type=\"column\">\n\t\t\t<div class=\"elementor-widget-wrap elementor-element-populated\">\n\t\t\t\t\t\t<div class=\"elementor-element elementor-element-ac2f08b scheme_default sc_fly_static elementor-widget elementor-widget-wpforms\" data-id=\"ac2f08b\" data-element_type=\"widget\" data-widget_type=\"wpforms.default\">\n\t\t\t\t<div class=\"elementor-widget-container\">\n\t\t\t\t\t<style id=\"wpforms-css-vars-elementor-widget-ac2f08b\">\n\t\t\t\t.elementor-widget-wpforms.elementor-element-ac2f08b {\n\t\t\t\t--wpforms-field-border-color: #D7AD51;\n--wpforms-field-border-color-spare: #D7AD51;\n--wpforms-field-text-color: #031C23;\n--wpforms-button-background-color: #D7AD51;\n--wpforms-field-size-input-height: 31px;\n--wpforms-field-size-input-spacing: 10px;\n--wpforms-field-size-font-size: 14px;\n--wpforms-field-size-line-height: 17px;\n--wpforms-field-size-padding-h: 9px;\n--wpforms-field-size-checkbox-size: 14px;\n--wpforms-field-size-sublabel-spacing: 5px;\n--wpforms-field-size-icon-size: 0.75;\n--wpforms-label-size-font-size: 16px;\n--wpforms-label-size-line-height: 19px;\n--wpforms-label-size-sublabel-font-size: 14px;\n--wpforms-label-size-sublabel-line-height: 17px;\n--wpforms-button-size-font-size: 17px;\n--wpforms-button-size-height: 41px;\n--wpforms-button-size-padding-h: 15px;\n--wpforms-button-size-margin-top: 10px;\n\n\t\t\t}\n\t\t\t<\/style><div class=\"wpforms-container wpforms-container-full wpforms-render-modern\" id=\"wpforms-35558\"><form id=\"wpforms-form-35558\" class=\"wpforms-validate wpforms-form wpforms-ajax-form\" data-formid=\"35558\" method=\"post\" enctype=\"multipart\/form-data\" action=\"\/de\/wp-json\/wp\/v2\/pages\/35243\" data-token=\"210022186c052a08c798563785ff44e5\" data-token-time=\"1776515420\" data-trp-original-action=\"\/de\/wp-json\/wp\/v2\/pages\/35243\"><noscript class=\"wpforms-error-noscript\">Bitte aktivieren Sie JavaScript in Ihrem Browser, um dieses Formular fertigzustellen.<\/noscript><div class=\"wpforms-hidden\" id=\"wpforms-error-noscript\">Bitte aktivieren Sie JavaScript in Ihrem Browser, um dieses Formular fertigzustellen.<\/div><div class=\"wpforms-field-container\"><div id=\"wpforms-35558-field_1-container\" class=\"wpforms-field wpforms-field-name wpforms-one-half wpforms-first\" data-field-id=\"1\"><label class=\"wpforms-field-label\" for=\"wpforms-35558-field_1\">Name <span class=\"wpforms-required-label\" aria-hidden=\"true\">*<\/span><\/label><input type=\"text\" id=\"wpforms-35558-field_1\" class=\"wpforms-field-large wpforms-field-required\" name=\"wpforms[fields][1]\" aria-errormessage=\"wpforms-35558-field_1-error\" required><\/div><div id=\"wpforms-35558-field_2-container\" class=\"wpforms-field wpforms-field-email wpforms-one-half\" data-field-id=\"2\"><label class=\"wpforms-field-label\" for=\"wpforms-35558-field_2\">Email address <span class=\"wpforms-required-label\" aria-hidden=\"true\">*<\/span><\/label><input type=\"email\" id=\"wpforms-35558-field_2\" class=\"wpforms-field-large wpforms-field-required\" name=\"wpforms[fields][2]\" spellcheck=\"false\" aria-errormessage=\"wpforms-35558-field_2-error\" required><\/div><div id=\"wpforms-35558-field_4-container\" class=\"wpforms-field wpforms-field-text wpforms-one-half wpforms-first\" data-field-id=\"4\"><label class=\"wpforms-field-label\" for=\"wpforms-35558-field_4\">Phone number<\/label><input type=\"text\" id=\"wpforms-35558-field_4\" class=\"wpforms-field-large\" name=\"wpforms[fields][4]\" aria-errormessage=\"wpforms-35558-field_4-error\" ><\/div><div id=\"wpforms-35558-field_5-container\" class=\"wpforms-field wpforms-field-text wpforms-one-half\" data-field-id=\"5\"><label class=\"wpforms-field-label\" for=\"wpforms-35558-field_5\">Thema<\/label><input type=\"text\" id=\"wpforms-35558-field_5\" class=\"wpforms-field-large\" name=\"wpforms[fields][5]\" aria-errormessage=\"wpforms-35558-field_5-error\" ><\/div><div id=\"wpforms-35558-field_3-container\" class=\"wpforms-field wpforms-field-textarea\" data-field-id=\"3\"><label class=\"wpforms-field-label\" for=\"wpforms-35558-field_3\">Your message <span class=\"wpforms-required-label\" aria-hidden=\"true\">*<\/span><\/label><textarea id=\"wpforms-35558-field_3\" class=\"wpforms-field-medium wpforms-field-required\" name=\"wpforms[fields][3]\" aria-errormessage=\"wpforms-35558-field_3-error\" required><\/textarea><\/div><\/div><!-- .wpforms-field-container --><div class=\"wpforms-submit-container\" ><input type=\"hidden\" name=\"wpforms[id]\" value=\"35558\"><input type=\"hidden\" name=\"page_title\" value=\"\"><input type=\"hidden\" name=\"page_url\" value=\"https:\/\/test.latour-deluxe.de\/de\/wp-json\/wp\/v2\/pages\/35243\"><input type=\"hidden\" name=\"url_referer\" value=\"\"><button type=\"submit\" name=\"wpforms[submit]\" id=\"wpforms-submit-35558\" class=\"wpforms-submit\" data-alt-text=\"Processing...\" data-submit-text=\"Send message\" aria-live=\"assertive\" value=\"wpforms-submit\">Send message<\/button><img decoding=\"async\" src=\"https:\/\/test.latour-deluxe.de\/wp-content\/plugins\/wpforms-lite\/assets\/images\/submit-spin.svg\" class=\"wpforms-submit-spinner\" style=\"display: none;\" width=\"26\" height=\"26\" alt=\"Wird geladen\"><\/div><input type=\"hidden\" name=\"trp-form-language\" value=\"de\"\/><\/form><\/div>  <!-- .wpforms-container -->\t\t\t\t<\/div>\n\t\t\t\t<\/div>\n\t\t\t\t<div class=\"elementor-element elementor-element-6f1c539 sc_height_huge sc_fly_static elementor-widget elementor-widget-spacer\" data-id=\"6f1c539\" data-element_type=\"widget\" data-widget_type=\"spacer.default\">\n\t\t\t\t<div class=\"elementor-widget-container\">\n\t\t\t\t\t\t\t<div class=\"elementor-spacer\">\n\t\t\t<div class=\"elementor-spacer-inner\"><\/div>\n\t\t<\/div>\n\t\t\t\t\t\t<\/div>\n\t\t\t\t<\/div>\n\t\t\t\t\t<\/div>\n\t\t<\/div>\n\t\t\t\t<div class=\"elementor-column elementor-col-33 elementor-top-column elementor-element elementor-element-4e0d28a sc_content_align_inherit sc_layouts_column_icons_position_left sc_fly_static\" data-id=\"4e0d28a\" data-element_type=\"column\">\n\t\t\t<div class=\"elementor-widget-wrap elementor-element-populated\">\n\t\t\t\t\t\t<div class=\"elementor-element elementor-element-db6b93c sc_fly_static elementor-widget elementor-widget-text-editor\" data-id=\"db6b93c\" data-element_type=\"widget\" data-widget_type=\"text-editor.default\">\n\t\t\t\t<div class=\"elementor-widget-container\">\n\t\t\t\t\t\t\t\t\t<p class=\"\" data-start=\"126\" data-end=\"334\">Haben Sie einen besonderen Wunsch oder m\u00f6chten Sie Dubai einfach grenzenlos genie\u00dfen? Sagen Sie uns, was Sie brauchen - oder wovon Sie tr\u00e4umen - und unser engagiertes Concierge-Team wird sich um den Rest k\u00fcmmern.<\/p><p class=\"\" data-start=\"336\" data-end=\"435\">Von exklusivem Zugang bis hin zu unvergesslichen Momenten - wir schaffen Erlebnisse, die so einzigartig sind wie Sie selbst.<\/p><p class=\"\" data-start=\"437\" data-end=\"536\">F\u00fcllen Sie das Formular aus und wir werden uns in K\u00fcrze mit Ihnen in Verbindung setzen, um Ihre pers\u00f6nliche Luxusreise zu planen.<\/p><h5 data-start=\"544\" data-end=\"630\">M\u00fchelos. Ma\u00dfgeschneidert. Au\u00dfergew\u00f6hnlich.<\/h5>\t\t\t\t\t\t\t\t<\/div>\n\t\t\t\t<\/div>\n\t\t\t\t\t<\/div>\n\t\t<\/div>\n\t\t\t\t\t<\/div>\n\t\t<\/section>\n\t\t\t\t<\/div>","protected":false},"excerpt":{"rendered":"<p>Your Desires, Delivered Concierge Services by Latour Deluxe Unlock a world of exclusivity with our bespoke concierge services. From VIP event access and private dining experiences to personal assistance, curated&hellip;<\/p>","protected":false},"author":1,"featured_media":35465,"parent":0,"menu_order":0,"comment_status":"closed","ping_status":"closed","template":"","meta":{"_acf_changed":false,"footnotes":""},"class_list":["post-35243","page","type-page","status-publish","has-post-thumbnail","hentry"],"acf":[],"_links":{"self":[{"href":"https:\/\/test.latour-deluxe.de\/de\/wp-json\/wp\/v2\/pages\/35243","targetHints":{"allow":["GET"]}}],"collection":[{"href":"https:\/\/test.latour-deluxe.de\/de\/wp-json\/wp\/v2\/pages"}],"about":[{"href":"https:\/\/test.latour-deluxe.de\/de\/wp-json\/wp\/v2\/types\/page"}],"author":[{"embeddable":true,"href":"https:\/\/test.latour-deluxe.de\/de\/wp-json\/wp\/v2\/users\/1"}],"replies":[{"embeddable":true,"href":"https:\/\/test.latour-deluxe.de\/de\/wp-json\/wp\/v2\/comments?post=35243"}],"version-history":[{"count":10,"href":"https:\/\/test.latour-deluxe.de\/de\/wp-json\/wp\/v2\/pages\/35243\/revisions"}],"predecessor-version":[{"id":35631,"href":"https:\/\/test.latour-deluxe.de\/de\/wp-json\/wp\/v2\/pages\/35243\/revisions\/35631"}],"wp:featuredmedia":[{"embeddable":true,"href":"https:\/\/test.latour-deluxe.de\/de\/wp-json\/wp\/v2\/media\/35465"}],"wp:attachment":[{"href":"https:\/\/test.latour-deluxe.de\/de\/wp-json\/wp\/v2\/media?parent=35243"}],"curies":[{"name":"wp","href":"https:\/\/api.w.org\/{rel}","templated":true}]}}